{"id":3,"date":"2026-01-07T05:34:40","date_gmt":"2026-01-07T05:34:40","guid":{"rendered":"https:\/\/cesardiazpacto102.org\/?page_id=3"},"modified":"2026-02-02T08:42:22","modified_gmt":"2026-02-02T13:42:22","slug":"privacy-policy","status":"publish","type":"page","link":"https:\/\/cesardiazpacto102.org\/?page_id=3","title":{"rendered":"Pol\u00edtica de Privacidad"},"content":{"rendered":"\n<p><strong>Comentarios<\/strong><br>Cuando los visitantes dejan comentarios en el sitio, recopilamos los datos que se muestran en el formulario de comentarios, as\u00ed como la direcci\u00f3n IP del visitante y la cadena de agente de usuario del navegador para facilitar la detecci\u00f3n de spam.<\/p>\n\n\n\n<p>Es posible que se proporcione al servicio Gravatar una cadena an\u00f3nima creada a partir de su direcci\u00f3n de correo electr\u00f3nico (tambi\u00e9n llamada hash) para verificar si la est\u00e1 utilizando. La pol\u00edtica de privacidad del servicio Gravatar est\u00e1 disponible aqu\u00ed: https:\/\/automattic.com\/privacy\/. Tras la aprobaci\u00f3n de su comentario, su foto de perfil ser\u00e1 visible p\u00fablicamente en el contexto de su comentario.<\/p>\n\n\n\n<p><strong>Medios<\/strong><br>Si sube im\u00e1genes al sitio web, evite subir im\u00e1genes con datos de ubicaci\u00f3n incrustados (GPS EXIF). Los visitantes del sitio web pueden descargar y extraer cualquier dato de ubicaci\u00f3n de las im\u00e1genes del sitio web.<\/p>\n\n\n\n<p><strong>Cookies<\/strong><br>Si deja un comentario en nuestro sitio, puede optar por guardar su nombre, direcci\u00f3n de correo electr\u00f3nico y sitio web en cookies. Esto es para su comodidad, para que no tenga que volver a introducir sus datos al dejar otro comentario. Estas cookies tienen una duraci\u00f3n de un a\u00f1o.<\/p>\n\n\n\n<p>Si visita nuestra p\u00e1gina de inicio de sesi\u00f3n, instalaremos una cookie temporal para determinar si su navegador acepta cookies. Esta cookie no contiene datos personales y se elimina al cerrar el navegador.<\/p>\n\n\n\n<p>Al iniciar sesi\u00f3n, tambi\u00e9n instalaremos varias cookies para guardar su informaci\u00f3n de inicio de sesi\u00f3n y sus opciones de visualizaci\u00f3n de pantalla. Las cookies de inicio de sesi\u00f3n duran dos d\u00edas y las de opciones de pantalla, un a\u00f1o. Si selecciona &#8220;Recordarme&#8221;, su inicio de sesi\u00f3n se conservar\u00e1 durante dos semanas. Si cierra sesi\u00f3n, las cookies de inicio de sesi\u00f3n se eliminar\u00e1n.<\/p>\n\n\n\n<p>Si edita o publica un art\u00edculo, se guardar\u00e1 una cookie adicional en su navegador. Esta cookie no contiene datos personales y simplemente indica el ID de la publicaci\u00f3n del art\u00edculo que acaba de editar. Caduca al cabo de un d\u00eda.<\/p>\n\n\n\n<p><strong>Contenido incrustado de otros sitios web<\/strong><br>Los art\u00edculos de este sitio pueden incluir contenido incrustado (p. ej., v\u00eddeos, im\u00e1genes, art\u00edculos, etc.). El contenido incrustado de otros sitios web se comporta exactamente igual que si el visitante hubiera visitado el otro sitio web.<\/p>\n\n\n\n<p>Estos sitios web pueden recopilar datos sobre usted, utilizar cookies, incrustar seguimiento adicional de terceros y supervisar su interacci\u00f3n con dicho contenido incrustado, incluyendo el seguimiento de su interacci\u00f3n con dicho contenido si tiene una cuenta y ha iniciado sesi\u00f3n en ese sitio web.<\/p>\n\n\n\n<p><strong>Con qui\u00e9n compartimos sus datos<\/strong><br>Si solicita un restablecimiento de contrase\u00f1a, su direcci\u00f3n IP se incluir\u00e1 en el correo electr\u00f3nico de restablecimiento.<\/p>\n\n\n\n<p><strong>Durante cu\u00e1nto tiempo conservamos sus datos<\/strong><br>Si deja un comentario, este y sus metadatos se conservan indefinidamente. Esto nos permite reconocer y aprobar autom\u00e1ticamente cualquier comentario posterior en lugar de mantenerlos en una cola de moderaci\u00f3n.<\/p>\n\n\n\n<p>De los usuarios que se registran en nuestro sitio web (si los hay), tambi\u00e9n almacenamos la informaci\u00f3n personal que proporcionan en su perfil de usuario. Todos los usuarios pueden ver, editar o eliminar su informaci\u00f3n personal en cualquier momento (excepto que no pueden cambiar su nombre de usuario). Los administradores del sitio web tambi\u00e9n pueden ver y editar dicha informaci\u00f3n.<\/p>\n\n\n\n<p><strong>Qu\u00e9 derechos tiene sobre sus datos<\/strong><br>Si tiene una cuenta en este sitio o ha dejado comentarios, puede solicitar recibir un archivo exportado de los datos personales que tenemos sobre usted, incluyendo cualquier dato que nos haya proporcionado. Tambi\u00e9n puede solicitar que eliminemos cualquier dato personal que tengamos sobre usted. Esto no incluye los datos que estemos obligados a conservar con fines administrativos, legales o de seguridad.<\/p>\n\n\n\n<p><strong>D\u00f3nde se env\u00edan sus datos<\/strong><br>Los comentarios de los visitantes pueden revisarse mediante un servicio autom\u00e1tico de detecci\u00f3n de spam.<\/p>\n\n\n\n<p><strong>Pol\u00edtica de Privacidad<\/strong><br>\u00daltima actualizaci\u00f3n: 02-Feb-2026<br>Fecha de entrada en vigor: 02-Feb-2026<\/p>\n\n\n\n<p>Esta Pol\u00edtica de Privacidad describe las pol\u00edticas de C\u00e9sar D\u00edaz C\u00e1mara de Representantes por el Meta, Villavicencio, Meta, Colombia, Meta 500001, Colombia, correo electr\u00f3nico: amigos3vecespacto102@gmail.com, tel\u00e9fono: 3114850518 sobre la recopilaci\u00f3n, el uso y la divulgaci\u00f3n de su informaci\u00f3n que recopilamos cuando utiliza nuestro sitio web (https:\/\/cesardiazpacto102.org) (el &#8220;Servicio&#8221;). Al acceder o utilizar el Servicio, usted consiente la recopilaci\u00f3n, el uso y la divulgaci\u00f3n de su informaci\u00f3n de acuerdo con esta Pol\u00edtica de Privacidad. Si no consiente, le rogamos que no acceda ni utilice el Servicio.<\/p>\n\n\n\n<p>Podemos modificar esta Pol\u00edtica de Privacidad en cualquier momento sin previo aviso y publicaremos la Pol\u00edtica de Privacidad revisada en el Servicio. La Pol\u00edtica revisada entrar\u00e1 en vigor 180 d\u00edas despu\u00e9s de su publicaci\u00f3n en el Servicio, y su acceso o uso continuado del Servicio despu\u00e9s de dicho plazo constituir\u00e1 su aceptaci\u00f3n de la Pol\u00edtica de Privacidad revisada. Por lo tanto, le recomendamos que revise esta p\u00e1gina peri\u00f3dicamente.<\/p>\n\n\n\n<p><strong>Informaci\u00f3n que recopilamos:<\/strong><br>Recopilaremos y procesaremos la siguiente informaci\u00f3n personal sobre usted:<\/p>\n\n\n\n<p>Nombre<br>Correo electr\u00f3nico<br>Tel\u00e9fono m\u00f3vil<br>Fecha de nacimiento<br>Direcci\u00f3n<\/p>\n\n\n\n<p><strong>C\u00f3mo utilizamos su informaci\u00f3n:<\/strong><br>Utilizaremos la informaci\u00f3n que recopilemos sobre usted para los siguientes fines:<\/p>\n\n\n\n<p><strong>Testimonios<\/strong><br>Si deseamos utilizar su informaci\u00f3n para cualquier otro fin, le solicitaremos su consentimiento y la utilizaremos \u00fanicamente tras recibirlo, y en ese caso, \u00fanicamente para el\/los fin(es) para el\/los que lo otorgue, a menos que la ley nos obligue a hacerlo de otra manera.<\/p>\n\n\n\n<p><strong>Retenci\u00f3n de su informaci\u00f3n:<\/strong><br>Retendremos su informaci\u00f3n personal durante 90 d\u00edas a 2 a\u00f1os despu\u00e9s de que el usuario cancele su cuenta o durante el tiempo que la necesitemos para cumplir con los fines para los que se recopil\u00f3, tal como se detalla en esta Pol\u00edtica de Privacidad. Es posible que necesitemos conservar cierta informaci\u00f3n durante periodos m\u00e1s largos, como para el mantenimiento de registros o la elaboraci\u00f3n de informes de conformidad con la legislaci\u00f3n aplicable, o por otras razones leg\u00edtimas, como el cumplimiento de derechos legales, la prevenci\u00f3n del fraude, etc. La informaci\u00f3n an\u00f3nima residual y la informaci\u00f3n agregada, que no le identifique (ni directa ni indirectamente), podr\u00e1n conservarse indefinidamente.<\/p>\n\n\n\n<p><strong>Sus derechos:<\/strong><br>Dependiendo de la legislaci\u00f3n aplicable, usted puede tener derecho a acceder, rectificar o eliminar sus datos personales, a recibir una copia de los mismos, a restringir u oponerse al tratamiento activo de sus datos, a solicitarnos que compartamos (portemos) su informaci\u00f3n personal con otra entidad, a retirar cualquier consentimiento que nos haya proporcionado para el tratamiento de sus datos, a presentar una reclamaci\u00f3n ante una autoridad competente y a otros derechos que puedan ser pertinentes seg\u00fan la legislaci\u00f3n aplicable. Para ejercer estos derechos, puede escribirnos a amigos3vecespacto102@gmail.com. Responderemos a su solicitud de conformidad con la legislaci\u00f3n aplicable. Tenga en cuenta que si no nos permite recopilar o procesar la informaci\u00f3n personal requerida o retira su consentimiento para procesarla con los fines requeridos, es posible que no pueda acceder ni utilizar los servicios para los que se solicit\u00f3 su informaci\u00f3n.<\/p>\n\n\n\n<p><strong>Cookies, etc.<\/strong><\/p>\n\n\n\n<p>Para obtener m\u00e1s informaci\u00f3n sobre c\u00f3mo las utilizamos y sus opciones en relaci\u00f3n con estas tecnolog\u00edas de seguimiento, consulte nuestra Pol\u00edtica de Cookies.<\/p>\n\n\n\n<p><strong>Seguridad:<\/strong><br>La seguridad de su informaci\u00f3n es importante para nosotros y aplicaremos medidas de seguridad razonables para evitar la p\u00e9rdida, el uso indebido o la alteraci\u00f3n no autorizada de la informaci\u00f3n que est\u00e9 bajo nuestro control. Sin embargo, dados los riesgos inherentes, no podemos garantizar una seguridad absoluta y, en consecuencia, no podemos asegurar ni garantizar la seguridad de la informaci\u00f3n que nos transmita, y usted lo hace bajo su propio riesgo.<\/p>\n\n\n\n<p><strong>Reclamaciones\/Delegado de Protecci\u00f3n de Datos:<\/strong><\/p>\n\n\n\n<p>Si tiene alguna pregunta o inquietud sobre el procesamiento de su informaci\u00f3n que tenemos a su disposici\u00f3n, puede enviar un correo electr\u00f3nico a nuestro Delegado de Quejas a Juan Carlos Guti\u00e9rrez Galvis, juancalocutor@gmail.com, correo electr\u00f3nico: amigos3vecespacto102@gmail.com. Atenderemos sus inquietudes de conformidad con la legislaci\u00f3n aplicable.<\/p>\n\n\n\n<p>Pol\u00edtica de privacidad generada con CookieYes.<\/p>\n","protected":false},"excerpt":{"rendered":"<p>ComentariosCuando los visitantes dejan comentarios en el sitio, recopilamos los datos que se muestran en el formulario de comentarios, as\u00ed como la direcci\u00f3n IP del visitante y la cadena de agente de usuario del navegador para facilitar la detecci\u00f3n de spam. Es posible que se proporcione al servicio Gravatar una cadena an\u00f3nima creada a partir [&hellip;]<\/p>\n","protected":false},"author":1,"featured_media":0,"parent":0,"menu_order":0,"comment_status":"closed","ping_status":"open","template":"","meta":{"footnotes":""},"class_list":["post-3","page","type-page","status-publish","hentry"],"jetpack_sharing_enabled":true,"_links":{"self":[{"href":"https:\/\/cesardiazpacto102.org\/index.php?rest_route=\/wp\/v2\/pages\/3","targetHints":{"allow":["GET"]}}],"collection":[{"href":"https:\/\/cesardiazpacto102.org\/index.php?rest_route=\/wp\/v2\/pages"}],"about":[{"href":"https:\/\/cesardiazpacto102.org\/index.php?rest_route=\/wp\/v2\/types\/page"}],"author":[{"embeddable":true,"href":"https:\/\/cesardiazpacto102.org\/index.php?rest_route=\/wp\/v2\/users\/1"}],"replies":[{"embeddable":true,"href":"https:\/\/cesardiazpacto102.org\/index.php?rest_route=%2Fwp%2Fv2%2Fcomments&post=3"}],"version-history":[{"count":2,"href":"https:\/\/cesardiazpacto102.org\/index.php?rest_route=\/wp\/v2\/pages\/3\/revisions"}],"predecessor-version":[{"id":1272,"href":"https:\/\/cesardiazpacto102.org\/index.php?rest_route=\/wp\/v2\/pages\/3\/revisions\/1272"}],"wp:attachment":[{"href":"https:\/\/cesardiazpacto102.org\/index.php?rest_route=%2Fwp%2Fv2%2Fmedia&parent=3"}],"curies":[{"name":"wp","href":"https:\/\/api.w.org\/{rel}","templated":true}]}}