{"id":1061,"date":"2026-01-08T20:18:57","date_gmt":"2026-01-09T01:18:57","guid":{"rendered":"https:\/\/cesardiazpacto102.org\/?page_id=1061"},"modified":"2026-02-22T00:50:47","modified_gmt":"2026-02-22T05:50:47","slug":"galeria","status":"publish","type":"page","link":"https:\/\/cesardiazpacto102.org\/?page_id=1061","title":{"rendered":"Galer\u00eda"},"content":{"rendered":"\n<h2 class=\"wp-block-heading\">S\u00e1bado 21 de febrero de 2026 visita de Iv\u00e1n Cepeda<\/h2>\n\n\n\n<div class=\"wp-block-jetpack-slideshow aligncenter is-style-rectangular\" data-autoplay=\"true\" data-delay=\"4\" data-effect=\"slide\" style=\"--aspect-ratio:calc(1599 \/ 899)\"><div class=\"wp-block-jetpack-slideshow_container swiper\"><ul class=\"wp-block-jetpack-slideshow_swiper-wrapper swiper-wrapper\"><li class=\"wp-block-jetpack-slideshow_slide swiper-slide\"><figure><img loading=\"lazy\" decoding=\"async\" width=\"1599\" height=\"899\" alt=\"\" class=\"wp-block-jetpack-slideshow_image wp-image-1382\" data-id=\"1382\" data-aspect-ratio=\"1599 \/ 899\" src=\"https:\/\/cesardiazpacto102.org\/wp-content\/uploads\/2026\/02\/WhatsApp-Image-2026-02-21-at-10.03.48-PM.jpeg\" srcset=\"https:\/\/cesardiazpacto102.org\/wp-content\/uploads\/2026\/02\/WhatsApp-Image-2026-02-21-at-10.03.48-PM.jpeg 1599w, https:\/\/cesardiazpacto102.org\/wp-content\/uploads\/2026\/02\/WhatsApp-Image-2026-02-21-at-10.03.48-PM-500x281.jpeg 500w, https:\/\/cesardiazpacto102.org\/wp-content\/uploads\/2026\/02\/WhatsApp-Image-2026-02-21-at-10.03.48-PM-1024x576.jpeg 1024w, https:\/\/cesardiazpacto102.org\/wp-content\/uploads\/2026\/02\/WhatsApp-Image-2026-02-21-at-10.03.48-PM-150x84.jpeg 150w, https:\/\/cesardiazpacto102.org\/wp-content\/uploads\/2026\/02\/WhatsApp-Image-2026-02-21-at-10.03.48-PM-768x432.jpeg 768w, https:\/\/cesardiazpacto102.org\/wp-content\/uploads\/2026\/02\/WhatsApp-Image-2026-02-21-at-10.03.48-PM-1536x864.jpeg 1536w\" sizes=\"(max-width: 1599px) 100vw, 1599px\" \/><\/figure><\/li><li class=\"wp-block-jetpack-slideshow_slide swiper-slide\"><figure><img loading=\"lazy\" decoding=\"async\" width=\"1599\" height=\"899\" alt=\"\" class=\"wp-block-jetpack-slideshow_image wp-image-1390\" data-id=\"1390\" data-aspect-ratio=\"1599 \/ 899\" src=\"https:\/\/cesardiazpacto102.org\/wp-content\/uploads\/2026\/02\/WhatsApp-Image-2026-02-21-at-10.03.49-PM-1.jpeg\" srcset=\"https:\/\/cesardiazpacto102.org\/wp-content\/uploads\/2026\/02\/WhatsApp-Image-2026-02-21-at-10.03.49-PM-1.jpeg 1599w, https:\/\/cesardiazpacto102.org\/wp-content\/uploads\/2026\/02\/WhatsApp-Image-2026-02-21-at-10.03.49-PM-1-500x281.jpeg 500w, https:\/\/cesardiazpacto102.org\/wp-content\/uploads\/2026\/02\/WhatsApp-Image-2026-02-21-at-10.03.49-PM-1-1024x576.jpeg 1024w, https:\/\/cesardiazpacto102.org\/wp-content\/uploads\/2026\/02\/WhatsApp-Image-2026-02-21-at-10.03.49-PM-1-150x84.jpeg 150w, https:\/\/cesardiazpacto102.org\/wp-content\/uploads\/2026\/02\/WhatsApp-Image-2026-02-21-at-10.03.49-PM-1-768x432.jpeg 768w, https:\/\/cesardiazpacto102.org\/wp-content\/uploads\/2026\/02\/WhatsApp-Image-2026-02-21-at-10.03.49-PM-1-1536x864.jpeg 1536w\" sizes=\"(max-width: 1599px) 100vw, 1599px\" \/><\/figure><\/li><li class=\"wp-block-jetpack-slideshow_slide swiper-slide\"><figure><img loading=\"lazy\" decoding=\"async\" width=\"1599\" height=\"899\" alt=\"\" class=\"wp-block-jetpack-slideshow_image wp-image-1389\" data-id=\"1389\" data-aspect-ratio=\"1599 \/ 899\" src=\"https:\/\/cesardiazpacto102.org\/wp-content\/uploads\/2026\/02\/WhatsApp-Image-2026-02-21-at-10.03.49-PM-2.jpeg\" srcset=\"https:\/\/cesardiazpacto102.org\/wp-content\/uploads\/2026\/02\/WhatsApp-Image-2026-02-21-at-10.03.49-PM-2.jpeg 1599w, https:\/\/cesardiazpacto102.org\/wp-content\/uploads\/2026\/02\/WhatsApp-Image-2026-02-21-at-10.03.49-PM-2-500x281.jpeg 500w, https:\/\/cesardiazpacto102.org\/wp-content\/uploads\/2026\/02\/WhatsApp-Image-2026-02-21-at-10.03.49-PM-2-1024x576.jpeg 1024w, https:\/\/cesardiazpacto102.org\/wp-content\/uploads\/2026\/02\/WhatsApp-Image-2026-02-21-at-10.03.49-PM-2-150x84.jpeg 150w, https:\/\/cesardiazpacto102.org\/wp-content\/uploads\/2026\/02\/WhatsApp-Image-2026-02-21-at-10.03.49-PM-2-768x432.jpeg 768w, https:\/\/cesardiazpacto102.org\/wp-content\/uploads\/2026\/02\/WhatsApp-Image-2026-02-21-at-10.03.49-PM-2-1536x864.jpeg 1536w\" sizes=\"(max-width: 1599px) 100vw, 1599px\" \/><\/figure><\/li><li class=\"wp-block-jetpack-slideshow_slide swiper-slide\"><figure><img loading=\"lazy\" decoding=\"async\" width=\"1599\" height=\"899\" alt=\"\" class=\"wp-block-jetpack-slideshow_image wp-image-1384\" data-id=\"1384\" data-aspect-ratio=\"1599 \/ 899\" src=\"https:\/\/cesardiazpacto102.org\/wp-content\/uploads\/2026\/02\/WhatsApp-Image-2026-02-21-at-10.03.49-PM-3.jpeg\" srcset=\"https:\/\/cesardiazpacto102.org\/wp-content\/uploads\/2026\/02\/WhatsApp-Image-2026-02-21-at-10.03.49-PM-3.jpeg 1599w, https:\/\/cesardiazpacto102.org\/wp-content\/uploads\/2026\/02\/WhatsApp-Image-2026-02-21-at-10.03.49-PM-3-500x281.jpeg 500w, https:\/\/cesardiazpacto102.org\/wp-content\/uploads\/2026\/02\/WhatsApp-Image-2026-02-21-at-10.03.49-PM-3-1024x576.jpeg 1024w, https:\/\/cesardiazpacto102.org\/wp-content\/uploads\/2026\/02\/WhatsApp-Image-2026-02-21-at-10.03.49-PM-3-150x84.jpeg 150w, https:\/\/cesardiazpacto102.org\/wp-content\/uploads\/2026\/02\/WhatsApp-Image-2026-02-21-at-10.03.49-PM-3-768x432.jpeg 768w, https:\/\/cesardiazpacto102.org\/wp-content\/uploads\/2026\/02\/WhatsApp-Image-2026-02-21-at-10.03.49-PM-3-1536x864.jpeg 1536w\" sizes=\"(max-width: 1599px) 100vw, 1599px\" \/><\/figure><\/li><li class=\"wp-block-jetpack-slideshow_slide swiper-slide\"><figure><img loading=\"lazy\" decoding=\"async\" width=\"1599\" height=\"899\" alt=\"\" class=\"wp-block-jetpack-slideshow_image wp-image-1388\" data-id=\"1388\" data-aspect-ratio=\"1599 \/ 899\" src=\"https:\/\/cesardiazpacto102.org\/wp-content\/uploads\/2026\/02\/WhatsApp-Image-2026-02-21-at-10.03.51-PM-1.jpeg\" srcset=\"https:\/\/cesardiazpacto102.org\/wp-content\/uploads\/2026\/02\/WhatsApp-Image-2026-02-21-at-10.03.51-PM-1.jpeg 1599w, https:\/\/cesardiazpacto102.org\/wp-content\/uploads\/2026\/02\/WhatsApp-Image-2026-02-21-at-10.03.51-PM-1-500x281.jpeg 500w, https:\/\/cesardiazpacto102.org\/wp-content\/uploads\/2026\/02\/WhatsApp-Image-2026-02-21-at-10.03.51-PM-1-1024x576.jpeg 1024w, https:\/\/cesardiazpacto102.org\/wp-content\/uploads\/2026\/02\/WhatsApp-Image-2026-02-21-at-10.03.51-PM-1-150x84.jpeg 150w, https:\/\/cesardiazpacto102.org\/wp-content\/uploads\/2026\/02\/WhatsApp-Image-2026-02-21-at-10.03.51-PM-1-768x432.jpeg 768w, https:\/\/cesardiazpacto102.org\/wp-content\/uploads\/2026\/02\/WhatsApp-Image-2026-02-21-at-10.03.51-PM-1-1536x864.jpeg 1536w\" sizes=\"(max-width: 1599px) 100vw, 1599px\" \/><\/figure><\/li><li class=\"wp-block-jetpack-slideshow_slide swiper-slide\"><figure><img loading=\"lazy\" decoding=\"async\" width=\"1080\" height=\"603\" alt=\"\" class=\"wp-block-jetpack-slideshow_image wp-image-1383\" data-id=\"1383\" data-aspect-ratio=\"1080 \/ 603\" src=\"https:\/\/cesardiazpacto102.org\/wp-content\/uploads\/2026\/02\/WhatsApp-Image-2026-02-21-at-10.03.52-PM.jpeg\" srcset=\"https:\/\/cesardiazpacto102.org\/wp-content\/uploads\/2026\/02\/WhatsApp-Image-2026-02-21-at-10.03.52-PM.jpeg 1080w, https:\/\/cesardiazpacto102.org\/wp-content\/uploads\/2026\/02\/WhatsApp-Image-2026-02-21-at-10.03.52-PM-500x279.jpeg 500w, https:\/\/cesardiazpacto102.org\/wp-content\/uploads\/2026\/02\/WhatsApp-Image-2026-02-21-at-10.03.52-PM-1024x572.jpeg 1024w, https:\/\/cesardiazpacto102.org\/wp-content\/uploads\/2026\/02\/WhatsApp-Image-2026-02-21-at-10.03.52-PM-150x84.jpeg 150w, https:\/\/cesardiazpacto102.org\/wp-content\/uploads\/2026\/02\/WhatsApp-Image-2026-02-21-at-10.03.52-PM-768x429.jpeg 768w\" sizes=\"(max-width: 1080px) 100vw, 1080px\" \/><\/figure><\/li><\/ul><a class=\"wp-block-jetpack-slideshow_button-prev swiper-button-prev swiper-button-white\" role=\"button\"><\/a><a class=\"wp-block-jetpack-slideshow_button-next swiper-button-next swiper-button-white\" role=\"button\"><\/a><a aria-label=\"Pause Slideshow\" class=\"wp-block-jetpack-slideshow_button-pause\" role=\"button\"><\/a><div class=\"wp-block-jetpack-slideshow_pagination swiper-pagination swiper-pagination-white\"><\/div><\/div><\/div>\n\n\n\n<h2 class=\"wp-block-heading\">S\u00e1bado 7 de febrero de 2026<\/h2>\n\n\n\n<p>Jornada de entrega personal de hoja de vida de C\u00e9sar D\u00edaz en compa\u00f1\u00eda del senador Wilson Arias<\/p>\n\n\n\n<div class=\"wp-block-jetpack-slideshow aligncenter\" data-autoplay=\"true\" data-delay=\"3\" data-effect=\"slide\" style=\"--aspect-ratio:calc(1024 \/ 682)\"><div class=\"wp-block-jetpack-slideshow_container swiper\"><ul class=\"wp-block-jetpack-slideshow_swiper-wrapper swiper-wrapper\"><li class=\"wp-block-jetpack-slideshow_slide swiper-slide\"><figure><img loading=\"lazy\" decoding=\"async\" width=\"1024\" height=\"682\" alt=\"\" class=\"wp-block-jetpack-slideshow_image wp-image-1335\" data-id=\"1335\" data-aspect-ratio=\"1024 \/ 682\" src=\"https:\/\/cesardiazpacto102.org\/wp-content\/uploads\/2026\/02\/Parque-1024x682.jpg\" srcset=\"https:\/\/cesardiazpacto102.org\/wp-content\/uploads\/2026\/02\/Parque-1024x682.jpg 1024w, https:\/\/cesardiazpacto102.org\/wp-content\/uploads\/2026\/02\/Parque-500x333.jpg 500w, https:\/\/cesardiazpacto102.org\/wp-content\/uploads\/2026\/02\/Parque-150x100.jpg 150w, https:\/\/cesardiazpacto102.org\/wp-content\/uploads\/2026\/02\/Parque-768x512.jpg 768w, https:\/\/cesardiazpacto102.org\/wp-content\/uploads\/2026\/02\/Parque.jpg 1066w\" sizes=\"(max-width: 1024px) 100vw, 1024px\" \/><\/figure><\/li><li class=\"wp-block-jetpack-slideshow_slide swiper-slide\"><figure><img loading=\"lazy\" decoding=\"async\" width=\"1024\" height=\"682\" alt=\"\" class=\"wp-block-jetpack-slideshow_image wp-image-1338\" data-id=\"1338\" data-aspect-ratio=\"1024 \/ 682\" src=\"https:\/\/cesardiazpacto102.org\/wp-content\/uploads\/2026\/02\/arias-1024x682.jpg\" srcset=\"https:\/\/cesardiazpacto102.org\/wp-content\/uploads\/2026\/02\/arias-1024x682.jpg 1024w, https:\/\/cesardiazpacto102.org\/wp-content\/uploads\/2026\/02\/arias-500x333.jpg 500w, https:\/\/cesardiazpacto102.org\/wp-content\/uploads\/2026\/02\/arias-150x100.jpg 150w, https:\/\/cesardiazpacto102.org\/wp-content\/uploads\/2026\/02\/arias-768x512.jpg 768w, https:\/\/cesardiazpacto102.org\/wp-content\/uploads\/2026\/02\/arias.jpg 1066w\" sizes=\"(max-width: 1024px) 100vw, 1024px\" \/><\/figure><\/li><li class=\"wp-block-jetpack-slideshow_slide swiper-slide\"><figure><img loading=\"lazy\" decoding=\"async\" width=\"576\" height=\"1024\" alt=\"\" class=\"wp-block-jetpack-slideshow_image wp-image-1343\" data-id=\"1343\" data-aspect-ratio=\"576 \/ 1024\" src=\"https:\/\/cesardiazpacto102.org\/wp-content\/uploads\/2026\/02\/WhatsApp-Image-2026-02-08-at-12.26.21-AM-576x1024.jpeg\" srcset=\"https:\/\/cesardiazpacto102.org\/wp-content\/uploads\/2026\/02\/WhatsApp-Image-2026-02-08-at-12.26.21-AM-576x1024.jpeg 576w, https:\/\/cesardiazpacto102.org\/wp-content\/uploads\/2026\/02\/WhatsApp-Image-2026-02-08-at-12.26.21-AM-281x500.jpeg 281w, https:\/\/cesardiazpacto102.org\/wp-content\/uploads\/2026\/02\/WhatsApp-Image-2026-02-08-at-12.26.21-AM-84x150.jpeg 84w, https:\/\/cesardiazpacto102.org\/wp-content\/uploads\/2026\/02\/WhatsApp-Image-2026-02-08-at-12.26.21-AM-768x1366.jpeg 768w, https:\/\/cesardiazpacto102.org\/wp-content\/uploads\/2026\/02\/WhatsApp-Image-2026-02-08-at-12.26.21-AM-864x1536.jpeg 864w, https:\/\/cesardiazpacto102.org\/wp-content\/uploads\/2026\/02\/WhatsApp-Image-2026-02-08-at-12.26.21-AM.jpeg 899w\" sizes=\"(max-width: 576px) 100vw, 576px\" \/><\/figure><\/li><li class=\"wp-block-jetpack-slideshow_slide swiper-slide\"><figure><img loading=\"lazy\" decoding=\"async\" width=\"576\" height=\"1024\" alt=\"\" class=\"wp-block-jetpack-slideshow_image wp-image-1344\" data-id=\"1344\" data-aspect-ratio=\"576 \/ 1024\" src=\"https:\/\/cesardiazpacto102.org\/wp-content\/uploads\/2026\/02\/WhatsApp-Image-2026-02-08-at-12.26.22-AM-576x1024.jpeg\" srcset=\"https:\/\/cesardiazpacto102.org\/wp-content\/uploads\/2026\/02\/WhatsApp-Image-2026-02-08-at-12.26.22-AM-576x1024.jpeg 576w, https:\/\/cesardiazpacto102.org\/wp-content\/uploads\/2026\/02\/WhatsApp-Image-2026-02-08-at-12.26.22-AM-281x500.jpeg 281w, https:\/\/cesardiazpacto102.org\/wp-content\/uploads\/2026\/02\/WhatsApp-Image-2026-02-08-at-12.26.22-AM-84x150.jpeg 84w, https:\/\/cesardiazpacto102.org\/wp-content\/uploads\/2026\/02\/WhatsApp-Image-2026-02-08-at-12.26.22-AM-768x1366.jpeg 768w, https:\/\/cesardiazpacto102.org\/wp-content\/uploads\/2026\/02\/WhatsApp-Image-2026-02-08-at-12.26.22-AM-864x1536.jpeg 864w, https:\/\/cesardiazpacto102.org\/wp-content\/uploads\/2026\/02\/WhatsApp-Image-2026-02-08-at-12.26.22-AM.jpeg 899w\" sizes=\"(max-width: 576px) 100vw, 576px\" \/><\/figure><\/li><li class=\"wp-block-jetpack-slideshow_slide swiper-slide\"><figure><img loading=\"lazy\" decoding=\"async\" width=\"576\" height=\"1024\" alt=\"\" class=\"wp-block-jetpack-slideshow_image wp-image-1345\" data-id=\"1345\" data-aspect-ratio=\"576 \/ 1024\" src=\"https:\/\/cesardiazpacto102.org\/wp-content\/uploads\/2026\/02\/WhatsApp-Image-2026-02-08-at-12.26.23-AM-576x1024.jpeg\" srcset=\"https:\/\/cesardiazpacto102.org\/wp-content\/uploads\/2026\/02\/WhatsApp-Image-2026-02-08-at-12.26.23-AM-576x1024.jpeg 576w, https:\/\/cesardiazpacto102.org\/wp-content\/uploads\/2026\/02\/WhatsApp-Image-2026-02-08-at-12.26.23-AM-281x500.jpeg 281w, https:\/\/cesardiazpacto102.org\/wp-content\/uploads\/2026\/02\/WhatsApp-Image-2026-02-08-at-12.26.23-AM-84x150.jpeg 84w, https:\/\/cesardiazpacto102.org\/wp-content\/uploads\/2026\/02\/WhatsApp-Image-2026-02-08-at-12.26.23-AM-768x1366.jpeg 768w, https:\/\/cesardiazpacto102.org\/wp-content\/uploads\/2026\/02\/WhatsApp-Image-2026-02-08-at-12.26.23-AM-864x1536.jpeg 864w, https:\/\/cesardiazpacto102.org\/wp-content\/uploads\/2026\/02\/WhatsApp-Image-2026-02-08-at-12.26.23-AM.jpeg 899w\" sizes=\"(max-width: 576px) 100vw, 576px\" \/><\/figure><\/li><li class=\"wp-block-jetpack-slideshow_slide swiper-slide\"><figure><img loading=\"lazy\" decoding=\"async\" width=\"576\" height=\"1024\" alt=\"\" class=\"wp-block-jetpack-slideshow_image wp-image-1346\" data-id=\"1346\" data-aspect-ratio=\"576 \/ 1024\" src=\"https:\/\/cesardiazpacto102.org\/wp-content\/uploads\/2026\/02\/WhatsApp-Image-2026-02-08-at-12.26.22-AM-1-576x1024.jpeg\" srcset=\"https:\/\/cesardiazpacto102.org\/wp-content\/uploads\/2026\/02\/WhatsApp-Image-2026-02-08-at-12.26.22-AM-1-576x1024.jpeg 576w, https:\/\/cesardiazpacto102.org\/wp-content\/uploads\/2026\/02\/WhatsApp-Image-2026-02-08-at-12.26.22-AM-1-281x500.jpeg 281w, https:\/\/cesardiazpacto102.org\/wp-content\/uploads\/2026\/02\/WhatsApp-Image-2026-02-08-at-12.26.22-AM-1-84x150.jpeg 84w, https:\/\/cesardiazpacto102.org\/wp-content\/uploads\/2026\/02\/WhatsApp-Image-2026-02-08-at-12.26.22-AM-1-768x1366.jpeg 768w, https:\/\/cesardiazpacto102.org\/wp-content\/uploads\/2026\/02\/WhatsApp-Image-2026-02-08-at-12.26.22-AM-1-864x1536.jpeg 864w, https:\/\/cesardiazpacto102.org\/wp-content\/uploads\/2026\/02\/WhatsApp-Image-2026-02-08-at-12.26.22-AM-1.jpeg 899w\" sizes=\"(max-width: 576px) 100vw, 576px\" \/><\/figure><\/li><li class=\"wp-block-jetpack-slideshow_slide swiper-slide\"><figure><img loading=\"lazy\" decoding=\"async\" width=\"576\" height=\"1024\" alt=\"\" class=\"wp-block-jetpack-slideshow_image wp-image-1347\" data-id=\"1347\" data-aspect-ratio=\"576 \/ 1024\" src=\"https:\/\/cesardiazpacto102.org\/wp-content\/uploads\/2026\/02\/WhatsApp-Image-2026-02-08-at-12.26.22-AM-2-576x1024.jpeg\" srcset=\"https:\/\/cesardiazpacto102.org\/wp-content\/uploads\/2026\/02\/WhatsApp-Image-2026-02-08-at-12.26.22-AM-2-576x1024.jpeg 576w, https:\/\/cesardiazpacto102.org\/wp-content\/uploads\/2026\/02\/WhatsApp-Image-2026-02-08-at-12.26.22-AM-2-281x500.jpeg 281w, https:\/\/cesardiazpacto102.org\/wp-content\/uploads\/2026\/02\/WhatsApp-Image-2026-02-08-at-12.26.22-AM-2-84x150.jpeg 84w, https:\/\/cesardiazpacto102.org\/wp-content\/uploads\/2026\/02\/WhatsApp-Image-2026-02-08-at-12.26.22-AM-2-768x1366.jpeg 768w, https:\/\/cesardiazpacto102.org\/wp-content\/uploads\/2026\/02\/WhatsApp-Image-2026-02-08-at-12.26.22-AM-2-864x1536.jpeg 864w, https:\/\/cesardiazpacto102.org\/wp-content\/uploads\/2026\/02\/WhatsApp-Image-2026-02-08-at-12.26.22-AM-2.jpeg 899w\" sizes=\"(max-width: 576px) 100vw, 576px\" \/><\/figure><\/li><\/ul><a class=\"wp-block-jetpack-slideshow_button-prev swiper-button-prev swiper-button-white\" role=\"button\"><\/a><a class=\"wp-block-jetpack-slideshow_button-next swiper-button-next swiper-button-white\" role=\"button\"><\/a><a aria-label=\"Pause Slideshow\" class=\"wp-block-jetpack-slideshow_button-pause\" role=\"button\"><\/a><div class=\"wp-block-jetpack-slideshow_pagination swiper-pagination swiper-pagination-white\"><\/div><\/div><\/div>\n","protected":false},"excerpt":{"rendered":"<p>S\u00e1bado 21 de febrero de 2026 visita de Iv\u00e1n Cepeda S\u00e1bado 7 de febrero de 2026 Jornada de entrega personal de hoja de vida de C\u00e9sar D\u00edaz en compa\u00f1\u00eda del senador Wilson Arias<\/p>\n","protected":false},"author":1,"featured_media":0,"parent":0,"menu_order":0,"comment_status":"closed","ping_status":"closed","template":"","meta":{"footnotes":""},"class_list":["post-1061","page","type-page","status-publish","hentry"],"jetpack_sharing_enabled":true,"_links":{"self":[{"href":"https:\/\/cesardiazpacto102.org\/index.php?rest_route=\/wp\/v2\/pages\/1061","targetHints":{"allow":["GET"]}}],"collection":[{"href":"https:\/\/cesardiazpacto102.org\/index.php?rest_route=\/wp\/v2\/pages"}],"about":[{"href":"https:\/\/cesardiazpacto102.org\/index.php?rest_route=\/wp\/v2\/types\/page"}],"author":[{"embeddable":true,"href":"https:\/\/cesardiazpacto102.org\/index.php?rest_route=\/wp\/v2\/users\/1"}],"replies":[{"embeddable":true,"href":"https:\/\/cesardiazpacto102.org\/index.php?rest_route=%2Fwp%2Fv2%2Fcomments&post=1061"}],"version-history":[{"count":8,"href":"https:\/\/cesardiazpacto102.org\/index.php?rest_route=\/wp\/v2\/pages\/1061\/revisions"}],"predecessor-version":[{"id":1408,"href":"https:\/\/cesardiazpacto102.org\/index.php?rest_route=\/wp\/v2\/pages\/1061\/revisions\/1408"}],"wp:attachment":[{"href":"https:\/\/cesardiazpacto102.org\/index.php?rest_route=%2Fwp%2Fv2%2Fmedia&parent=1061"}],"curies":[{"name":"wp","href":"https:\/\/api.w.org\/{rel}","templated":true}]}}